{"id":12,"date":"2010-11-27T20:06:29","date_gmt":"2010-11-27T20:06:29","guid":{"rendered":"http:\/\/www.djxalinho.com.br\/site\/?page_id=12"},"modified":"2022-06-29T21:17:14","modified_gmt":"2022-06-30T00:17:14","slug":"contato","status":"publish","type":"page","link":"https:\/\/www.djxalinho.com.br\/site\/contato\/","title":{"rendered":"Contato"},"content":{"rendered":"<div data-test='contact-form' id='contact-form-12' class='wp-block-jetpack-contact-form-container '>\n<form action='https:\/\/www.djxalinho.com.br\/site\/contato\/#contact-form-12' method='post' class='contact-form commentsblock' aria-label=\"Contato\" novalidate>\n\n<div style=\"\" class='grunion-field-name-wrap grunion-field-wrap'  >\n<label\n\t\t\t\tfor='g12-nome'\n\t\t\t\tclass='grunion-field-label name'>Nome<span class=\"grunion-label-required\" aria-hidden=\"true\">(obrigat\u00f3rio)<\/span><\/label>\n<input\n\t\t\t\t\ttype='text'\n\t\t\t\t\tname='g12-nome'\n\t\t\t\t\tid='g12-nome'\n\t\t\t\t\tvalue=''\n\t\t\t\t\tclass='name  grunion-field' \n\t\t\t\t\trequired aria-required='true' \/>\n\t<\/div>\n\n<div style=\"\" class='grunion-field-email-wrap grunion-field-wrap'  >\n<label\n\t\t\t\tfor='g12-email'\n\t\t\t\tclass='grunion-field-label email'>Email<span class=\"grunion-label-required\" aria-hidden=\"true\">(obrigat\u00f3rio)<\/span><\/label>\n<input\n\t\t\t\t\ttype='email'\n\t\t\t\t\tname='g12-email'\n\t\t\t\t\tid='g12-email'\n\t\t\t\t\tvalue=''\n\t\t\t\t\tclass='email  grunion-field' \n\t\t\t\t\trequired aria-required='true' \/>\n\t<\/div>\n\n<div style=\"\" class='grunion-field-text-wrap grunion-field-wrap'  >\n<label\n\t\t\t\tfor='g12-fone'\n\t\t\t\tclass='grunion-field-label text'>Fone<span class=\"grunion-label-required\" aria-hidden=\"true\">(obrigat\u00f3rio)<\/span><\/label>\n<input\n\t\t\t\t\ttype='text'\n\t\t\t\t\tname='g12-fone'\n\t\t\t\t\tid='g12-fone'\n\t\t\t\t\tvalue=''\n\t\t\t\t\tclass='text  grunion-field' \n\t\t\t\t\trequired aria-required='true' \/>\n\t<\/div>\n\n<div style=\"\" class='grunion-field-textarea-wrap grunion-field-wrap'  >\n<label\n\t\t\t\tfor='contact-form-comment-g12-suamensagem'\n\t\t\t\tclass='grunion-field-label textarea'>Sua mensagem<span class=\"grunion-label-required\" aria-hidden=\"true\">(obrigat\u00f3rio)<\/span><\/label>\n<textarea\n\t\t                style=''\n\t\t                name='g12-suamensagem'\n\t\t                id='contact-form-comment-g12-suamensagem'\n\t\t                rows='20' class='textarea  grunion-field'  required aria-required='true'><\/textarea>\n\t<\/div>\n\t<p class='contact-submit'>\n\t\t<button type='submit' class='pushbutton-wide'>Enviar<\/button>\t\t<input type='hidden' name='contact-form-id' value='12' \/>\n\t\t<input type='hidden' name='action' value='grunion-contact-form' \/>\n\t\t<input type='hidden' name='contact-form-hash' value='7092a59268c9ecea71219cc8b58cfbabf092f3c2' \/>\n\t<\/p>\n<p style=\"display: none !important;\" class=\"akismet-fields-container\" data-prefix=\"ak_\"><label>&#916;<textarea name=\"ak_hp_textarea\" cols=\"45\" rows=\"8\" maxlength=\"100\"><\/textarea><\/label><input type=\"hidden\" id=\"ak_js_1\" name=\"ak_js\" value=\"52\"\/><script>document.getElementById( \"ak_js_1\" ).setAttribute( \"value\", ( new Date() ).getTime() );<\/script><\/p><\/form>\n<\/div>\n<p>&#8212;-<\/p>\n<p>Atendimento com hora Marcada!<\/p>\n<p>R: Jo\u00e3o Planincheck n-1424 &#8211; Nova Bras\u00edlia &#8211; Jaragu\u00e1 do Sul &#8211; SC &#8211; CEP 89.252.220<br \/>\nTel.(47) 3374-2226 \/ Whats: 99979-7524 \/ Email: <a href=\"mailto:djxalinho@netuno.com.br\">djxalinho@gmail.com\u00a0<\/a><\/p>\n<div><div style=\"padding-top:10px;margin-bottom:10px;font-size:10pt;font-family:arial;font-weight:bold;\">Compartilhe:<\/div><div class=simplesocial><a href=\"http:\/\/twitter.com\/share\" data-url=\"https:\/\/www.djxalinho.com.br\/site\/contato\/\" data-text=\"Contato\" class=\"twitter-share-button\" data-count=\"horizontal\">Tweet<\/a><script type=\"text\/javascript\" src=\"http:\/\/platform.twitter.com\/widgets.js\"><\/script><\/div><div class=simplesocial><iframe src=\"http:\/\/www.facebook.com\/plugins\/like.php?href=https%3A%2F%2Fwww.djxalinho.com.br%2Fsite%2Fcontato%2F&layout=standard&show_faces=false&width=450&action=like&colorscheme=light&height=35\" scrolling=\"no\" frameborder=\"0\" style=\"border:none; overflow:hidden; width:450px; height:25px;\" allowTransparency=\"true\"><\/iframe><\/div><div style=\"clear:both\"><\/div><a class=simplesocial onclick=\"return simplesocial(this,500,400)\" title=\"Share on Facebook\" style=\"background:url(https:\/\/www.djxalinho.com.br\/site\/wp-content\/plugins\/simple-social-sharing-widgets-icons\/icons_16\/facebook.png)\" href=\"http:\/\/www.facebook.com\/share.php?u=https%3A%2F%2Fwww.djxalinho.com.br%2Fsite%2Fcontato%2F&t=Contato\"><\/a><a class=simplesocial onclick=\"return simplesocial(this,812,500)\" title=\"Share on Technorati\" style=\"background:url(https:\/\/www.djxalinho.com.br\/site\/wp-content\/plugins\/simple-social-sharing-widgets-icons\/icons_16\/technorati.png)\" href=\"http:\/\/technorati.com\/faves?sub=favthis&add=https%3A%2F%2Fwww.djxalinho.com.br%2Fsite%2Fcontato%2F\"><\/a><\/div><div style=\"clear:both;margin-bottom:20px\"><\/div>","protected":false},"excerpt":{"rendered":"<p>&#8212;- Atendimento com hora Marcada! R: Jo\u00e3o Planincheck n-1424 &#8211; Nova Bras\u00edlia &#8211; Jaragu\u00e1 do Sul &#8211; SC &#8211; CEP 89.252.220 Tel.(47) 3374-2226 \/ Whats: 99979-7524 \/ Email: djxalinho@gmail.com\u00a0 Compartilhe:Tweet<\/p>\n","protected":false},"author":1,"featured_media":0,"parent":0,"menu_order":0,"comment_status":"closed","ping_status":"closed","template":"","meta":{"jetpack_post_was_ever_published":false,"footnotes":""},"class_list":["post-12","page","type-page","status-publish","hentry"],"jetpack_sharing_enabled":true,"jetpack_shortlink":"https:\/\/wp.me\/P8nNVI-c","_links":{"self":[{"href":"https:\/\/www.djxalinho.com.br\/site\/wp-json\/wp\/v2\/pages\/12","targetHints":{"allow":["GET"]}}],"collection":[{"href":"https:\/\/www.djxalinho.com.br\/site\/wp-json\/wp\/v2\/pages"}],"about":[{"href":"https:\/\/www.djxalinho.com.br\/site\/wp-json\/wp\/v2\/types\/page"}],"author":[{"embeddable":true,"href":"https:\/\/www.djxalinho.com.br\/site\/wp-json\/wp\/v2\/users\/1"}],"replies":[{"embeddable":true,"href":"https:\/\/www.djxalinho.com.br\/site\/wp-json\/wp\/v2\/comments?post=12"}],"version-history":[{"count":26,"href":"https:\/\/www.djxalinho.com.br\/site\/wp-json\/wp\/v2\/pages\/12\/revisions"}],"predecessor-version":[{"id":6729,"href":"https:\/\/www.djxalinho.com.br\/site\/wp-json\/wp\/v2\/pages\/12\/revisions\/6729"}],"wp:attachment":[{"href":"https:\/\/www.djxalinho.com.br\/site\/wp-json\/wp\/v2\/media?parent=12"}],"curies":[{"name":"wp","href":"https:\/\/api.w.org\/{rel}","templated":true}]}}