{"id":1444,"date":"2014-07-22T11:49:07","date_gmt":"2014-07-22T14:49:07","guid":{"rendered":"http:\/\/www.djxalinho.com.br\/site\/?page_id=1444"},"modified":"2018-06-03T14:35:59","modified_gmt":"2018-06-03T17:35:59","slug":"phaser","status":"publish","type":"page","link":"https:\/\/www.djxalinho.com.br\/site\/phaser\/","title":{"rendered":"PHASER"},"content":{"rendered":"<p><b>PHASER<\/b> \u00e9 garantia de sucesso para sua festa. Sejam elas shows em casas noturnas, eventos de empresas, casamentos, formaturas e anivers\u00e1rios, o projeto ao vivo as transforma em momentos inesquec\u00edveis para os convidados.<\/p>\n<p>Tecnologia, Criatividade, \u00a0e muita musica eletr\u00f4nica para dan\u00e7ar \u00e9 o que o projeto \u201cPhaser\u201d oferece para tornar qualquer festa em um acontecimento, seja ela pessoal ou corporativa. Com o DJ XALINHO nas pick-ups, o grupo \u00e9 formado ainda por sax, violino, percuss\u00e3o eletronica, cello, em formatos que se adaptam \u00e0s necessidades de cada cliente, mas gerando sempre um resultado harm\u00f4nico e surpreendedor, tudo de uma forma muito divertida e emocionante para os convidados.<\/p>\n<p>Segundo Scharles Eduardo Siewert (DJ XALINHO) o sucesso do projeto vem da perfomance art\u00edstica, com m\u00fasicos de renome aliada \u00e0 tecnologia com audiovisual. o repert\u00f3rio \u00e9 composto de musicas para dan\u00e7ar e sempre personalizada para cada festa. PHASER, novos elementos, novos momentos.<\/p>\n<p><img fetchpriority=\"high\" decoding=\"async\" src=\"http:\/\/www.djxalinho.com.br\/site\/wp-content\/uploads\/2018\/06\/IMG_5411.jpg\" alt=\"\" width=\"2047\" height=\"1210\" class=\"aligncenter size-full wp-image-2373\" srcset=\"https:\/\/www.djxalinho.com.br\/site\/wp-content\/uploads\/2018\/06\/IMG_5411.jpg 2047w, https:\/\/www.djxalinho.com.br\/site\/wp-content\/uploads\/2018\/06\/IMG_5411-300x177.jpg 300w, https:\/\/www.djxalinho.com.br\/site\/wp-content\/uploads\/2018\/06\/IMG_5411-768x454.jpg 768w, https:\/\/www.djxalinho.com.br\/site\/wp-content\/uploads\/2018\/06\/IMG_5411-1024x605.jpg 1024w\" sizes=\"(max-width: 2047px) 100vw, 2047px\" \/><\/p>\n<figure id=\"attachment_2374\" aria-describedby=\"caption-attachment-2374\" style=\"width: 1000px\" class=\"wp-caption aligncenter\"><img decoding=\"async\" src=\"http:\/\/www.djxalinho.com.br\/site\/wp-content\/uploads\/2018\/06\/IMG_6793.jpg\" alt=\"\" width=\"1000\" height=\"667\" class=\"size-full wp-image-2374\" srcset=\"https:\/\/www.djxalinho.com.br\/site\/wp-content\/uploads\/2018\/06\/IMG_6793.jpg 1000w, https:\/\/www.djxalinho.com.br\/site\/wp-content\/uploads\/2018\/06\/IMG_6793-300x200.jpg 300w, https:\/\/www.djxalinho.com.br\/site\/wp-content\/uploads\/2018\/06\/IMG_6793-768x512.jpg 768w\" sizes=\"(max-width: 1000px) 100vw, 1000px\" \/><figcaption id=\"caption-attachment-2374\" class=\"wp-caption-text\">Lu\u00eds Weller Fotografia<\/figcaption><\/figure>\n<figure id=\"attachment_2375\" aria-describedby=\"caption-attachment-2375\" style=\"width: 1000px\" class=\"wp-caption aligncenter\"><img decoding=\"async\" src=\"http:\/\/www.djxalinho.com.br\/site\/wp-content\/uploads\/2018\/06\/IMG_6794.jpg\" alt=\"\" width=\"1000\" height=\"667\" class=\"size-full wp-image-2375\" srcset=\"https:\/\/www.djxalinho.com.br\/site\/wp-content\/uploads\/2018\/06\/IMG_6794.jpg 1000w, https:\/\/www.djxalinho.com.br\/site\/wp-content\/uploads\/2018\/06\/IMG_6794-300x200.jpg 300w, https:\/\/www.djxalinho.com.br\/site\/wp-content\/uploads\/2018\/06\/IMG_6794-768x512.jpg 768w\" sizes=\"(max-width: 1000px) 100vw, 1000px\" \/><figcaption id=\"caption-attachment-2375\" class=\"wp-caption-text\">Lu\u00eds Weller Fotografia<\/figcaption><\/figure>\n<figure id=\"attachment_2376\" aria-describedby=\"caption-attachment-2376\" style=\"width: 1000px\" class=\"wp-caption aligncenter\"><img loading=\"lazy\" decoding=\"async\" src=\"http:\/\/www.djxalinho.com.br\/site\/wp-content\/uploads\/2018\/06\/IMG_6795.jpg\" alt=\"\" width=\"1000\" height=\"667\" class=\"size-full wp-image-2376\" srcset=\"https:\/\/www.djxalinho.com.br\/site\/wp-content\/uploads\/2018\/06\/IMG_6795.jpg 1000w, https:\/\/www.djxalinho.com.br\/site\/wp-content\/uploads\/2018\/06\/IMG_6795-300x200.jpg 300w, https:\/\/www.djxalinho.com.br\/site\/wp-content\/uploads\/2018\/06\/IMG_6795-768x512.jpg 768w\" sizes=\"(max-width: 1000px) 100vw, 1000px\" \/><figcaption id=\"caption-attachment-2376\" class=\"wp-caption-text\">Lu\u00eds Weller Fotografia<\/figcaption><\/figure>\n<figure id=\"attachment_2377\" aria-describedby=\"caption-attachment-2377\" style=\"width: 1000px\" class=\"wp-caption aligncenter\"><img loading=\"lazy\" decoding=\"async\" src=\"http:\/\/www.djxalinho.com.br\/site\/wp-content\/uploads\/2018\/06\/IMG_6796.jpg\" alt=\"\" width=\"1000\" height=\"667\" class=\"size-full wp-image-2377\" srcset=\"https:\/\/www.djxalinho.com.br\/site\/wp-content\/uploads\/2018\/06\/IMG_6796.jpg 1000w, https:\/\/www.djxalinho.com.br\/site\/wp-content\/uploads\/2018\/06\/IMG_6796-300x200.jpg 300w, https:\/\/www.djxalinho.com.br\/site\/wp-content\/uploads\/2018\/06\/IMG_6796-768x512.jpg 768w\" sizes=\"(max-width: 1000px) 100vw, 1000px\" \/><figcaption id=\"caption-attachment-2377\" class=\"wp-caption-text\">Lu\u00eds Weller Fotografia<\/figcaption><\/figure>\n<div><div style=\"padding-top:10px;margin-bottom:10px;font-size:10pt;font-family:arial;font-weight:bold;\">Compartilhe:<\/div><div class=simplesocial><a href=\"http:\/\/twitter.com\/share\" data-url=\"https:\/\/www.djxalinho.com.br\/site\/phaser\/\" data-text=\"PHASER\" class=\"twitter-share-button\" data-count=\"horizontal\">Tweet<\/a><script type=\"text\/javascript\" src=\"http:\/\/platform.twitter.com\/widgets.js\"><\/script><\/div><div class=simplesocial><iframe src=\"http:\/\/www.facebook.com\/plugins\/like.php?href=https%3A%2F%2Fwww.djxalinho.com.br%2Fsite%2Fphaser%2F&layout=standard&show_faces=false&width=450&action=like&colorscheme=light&height=35\" scrolling=\"no\" frameborder=\"0\" style=\"border:none; overflow:hidden; width:450px; height:25px;\" allowTransparency=\"true\"><\/iframe><\/div><div style=\"clear:both\"><\/div><a class=simplesocial onclick=\"return simplesocial(this,500,400)\" title=\"Share on Facebook\" style=\"background:url(https:\/\/www.djxalinho.com.br\/site\/wp-content\/plugins\/simple-social-sharing-widgets-icons\/icons_16\/facebook.png)\" href=\"http:\/\/www.facebook.com\/share.php?u=https%3A%2F%2Fwww.djxalinho.com.br%2Fsite%2Fphaser%2F&t=PHASER\"><\/a><a class=simplesocial onclick=\"return simplesocial(this,812,500)\" title=\"Share on Technorati\" style=\"background:url(https:\/\/www.djxalinho.com.br\/site\/wp-content\/plugins\/simple-social-sharing-widgets-icons\/icons_16\/technorati.png)\" href=\"http:\/\/technorati.com\/faves?sub=favthis&add=https%3A%2F%2Fwww.djxalinho.com.br%2Fsite%2Fphaser%2F\"><\/a><\/div><div style=\"clear:both;margin-bottom:20px\"><\/div>","protected":false},"excerpt":{"rendered":"<p>PHASER \u00e9 garantia de sucesso para sua festa. Sejam elas shows em casas noturnas, eventos de empresas, casamentos, formaturas e anivers\u00e1rios, o projeto ao vivo as transforma em momentos inesquec\u00edveis para os convidados. Tecnologia, Criatividade, \u00a0e muita musica eletr\u00f4nica para dan\u00e7ar \u00e9 o que o projeto \u201cPhaser\u201d oferece para tornar&#8230;<\/p>\n","protected":false},"author":1,"featured_media":0,"parent":0,"menu_order":0,"comment_status":"closed","ping_status":"closed","template":"","meta":{"jetpack_post_was_ever_published":false,"footnotes":""},"class_list":["post-1444","page","type-page","status-publish","hentry"],"jetpack_sharing_enabled":true,"jetpack_shortlink":"https:\/\/wp.me\/P8nNVI-ni","_links":{"self":[{"href":"https:\/\/www.djxalinho.com.br\/site\/wp-json\/wp\/v2\/pages\/1444","targetHints":{"allow":["GET"]}}],"collection":[{"href":"https:\/\/www.djxalinho.com.br\/site\/wp-json\/wp\/v2\/pages"}],"about":[{"href":"https:\/\/www.djxalinho.com.br\/site\/wp-json\/wp\/v2\/types\/page"}],"author":[{"embeddable":true,"href":"https:\/\/www.djxalinho.com.br\/site\/wp-json\/wp\/v2\/users\/1"}],"replies":[{"embeddable":true,"href":"https:\/\/www.djxalinho.com.br\/site\/wp-json\/wp\/v2\/comments?post=1444"}],"version-history":[{"count":18,"href":"https:\/\/www.djxalinho.com.br\/site\/wp-json\/wp\/v2\/pages\/1444\/revisions"}],"predecessor-version":[{"id":2378,"href":"https:\/\/www.djxalinho.com.br\/site\/wp-json\/wp\/v2\/pages\/1444\/revisions\/2378"}],"wp:attachment":[{"href":"https:\/\/www.djxalinho.com.br\/site\/wp-json\/wp\/v2\/media?parent=1444"}],"curies":[{"name":"wp","href":"https:\/\/api.w.org\/{rel}","templated":true}]}}