{"id":2,"date":"2010-11-10T19:42:24","date_gmt":"2010-11-10T19:42:24","guid":{"rendered":"http:\/\/www.djxalinho.com.br\/site\/?page_id=2"},"modified":"2025-02-26T16:54:12","modified_gmt":"2025-02-26T19:54:12","slug":"perfi","status":"publish","type":"page","link":"https:\/\/www.djxalinho.com.br\/site\/","title":{"rendered":"Home"},"content":{"rendered":"\t\t<div data-elementor-type=\"wp-page\" data-elementor-id=\"2\" class=\"elementor elementor-2\">\n\t\t\t\t\t\t<section class=\"elementor-section elementor-top-section elementor-element elementor-element-b13b67a elementor-section-boxed elementor-section-height-default elementor-section-height-default\" data-id=\"b13b67a\" data-element_type=\"section\">\n\t\t\t\t\t\t<div class=\"elementor-container elementor-column-gap-default\">\n\t\t\t\t\t<div class=\"elementor-column elementor-col-100 elementor-top-column elementor-element elementor-element-70e868f\" data-id=\"70e868f\" data-element_type=\"column\">\n\t\t\t<div class=\"elementor-widget-wrap elementor-element-populated\">\n\t\t\t\t\t\t<div class=\"elementor-element elementor-element-873141e elementor-widget elementor-widget-video\" data-id=\"873141e\" data-element_type=\"widget\" data-settings=\"{&quot;youtube_url&quot;:&quot;https:\\\/\\\/youtu.be\\\/H-a3zZe7p_E?si=DMNykovL44OHJwkW&quot;,&quot;video_type&quot;:&quot;youtube&quot;,&quot;controls&quot;:&quot;yes&quot;}\" data-widget_type=\"video.default\">\n\t\t\t\t<div class=\"elementor-widget-container\">\n\t\t\t\t\t\t\t<div class=\"elementor-wrapper elementor-open-inline\">\n\t\t\t<div class=\"elementor-video\"><\/div>\t\t<\/div>\n\t\t\t\t\t\t<\/div>\n\t\t\t\t<\/div>\n\t\t\t\t<div class=\"elementor-element elementor-element-5932a81 elementor-widget elementor-widget-text-editor\" data-id=\"5932a81\" data-element_type=\"widget\" data-widget_type=\"text-editor.default\">\n\t\t\t\t<div class=\"elementor-widget-container\">\n\t\t\t\t\t\t\t\t\t<p>Imagine voc\u00ea chegando no seu evento agora! Euforia, orgulho e satisfa\u00e7\u00e3o enchem o seu esp\u00edrito quando j\u00e1 na entrada v\u00ea a luz ambiente te conduzindo ao interior de sua comemora\u00e7\u00e3o e l\u00e1 dentro tudo est\u00e1 como voc\u00ea sempre imaginou. O cen\u00e1rio perfeito, os destaques saltando aos olhos, a trilha sonora escolhida entrando pelos seus ouvidos com agudos m\u00e9dios e graves na medida certa. No tel\u00e3o suas imagens preferidas, seja seu clip personalizado de fotos e v\u00eddeos, ou sua marca e produtos com o brilho merecido, mais adiante uma demonstra\u00e7\u00e3o de poderosos efeitos especiais se espalhando pelo(s) ambiente(s), e depois que todos j\u00e1 est\u00e3o felizes e impressionados, alguma atra\u00e7\u00e3o paralela entra de surpresa e renova o sentimento de estar em um dos eventos mais bem planejados e elaborados que j\u00e1 se viu. Tudo montado dentro do prazo e de padr\u00f5es rigorosos de t\u00e9cnica e seguran\u00e7a. Imaginou? Ent\u00e3o agora vamos para casa por os p\u00e9s para cima, atender os telefonemas de amigos, parentes e associados querendo elogiar e lhe dar os parab\u00e9ns e convid\u00e1-los a reviver tudo novamente, curtindo as fotos e v\u00eddeos que imortalizam seus melhores momentos, com todas as cores, brilhos e sons desta data especial. Assim \u00e9 quando voc\u00ea escolhe o DJ XALINHO. Tudo o que voc\u00ea sempre sonhou est\u00e1 ao seu alcance. N\u00f3s unimos o melhor em conte\u00fado e tecnologia para ver voc\u00ea satisfeito. Contamos com uma equipe de excelentes profissionais, experientes em todos os tipos de eventos, equipe t\u00e9cnica experiente e profissional, LJ e VJ e outras atra\u00e7\u00f5es com repert\u00f3rio completo e atualizado para que seu evento tenha o melhor conte\u00fado. Quanto aos equipamentos, podemos dizer que contamos com o que h\u00e1 de mais sofisticado no mercado, o que para n\u00f3s, \u00e9 o m\u00ednimo. Garantimos o m\u00e1ximo em profissionalismo, seguran\u00e7a, e pontualidade, evitando falhas e focamos na perfeita realiza\u00e7\u00e3o do evento para que voc\u00ea possa focar nos seus convidados. Ligue agora mesmo e reserve j\u00e1 sua data. Teremos muito prazer em receb\u00ea-lo. XALINHO \u00e9 um DJ que se preocupa com cada detalhe para melhor atender \u00e0s expectativas de seus clientes e garantir o sucesso do Evento. H\u00e1 15 Anos no mercado realiza eventos como Casamentos, Formaturas, Anivers\u00e1rios (15 Anos) e Festas Empresariais; Possui um Repert\u00f3rio Completo e Atualizado para a elabora\u00e7\u00e3o de trilhas sonoras adequadas \u00e0 situa\u00e7\u00e3o ou Prefer\u00eancia do Cliente.Lorem ipsum dolor sit amet, consectetur adipiscing elit. Ut elit tellus, luctus nec ullamcorper mattis, pulvinar dapibus leo.<\/p>\t\t\t\t\t\t\t\t<\/div>\n\t\t\t\t<\/div>\n\t\t\t\t\t<\/div>\n\t\t<\/div>\n\t\t\t\t\t<\/div>\n\t\t<\/section>\n\t\t\t\t<\/div>\n\t\t<div><div style=\"padding-top:10px;margin-bottom:10px;font-size:10pt;font-family:arial;font-weight:bold;\">Compartilhe:<\/div><div class=simplesocial><a href=\"http:\/\/twitter.com\/share\" data-url=\"https:\/\/www.djxalinho.com.br\/site\/\" data-text=\"Home\" class=\"twitter-share-button\" data-count=\"horizontal\">Tweet<\/a><script type=\"text\/javascript\" src=\"http:\/\/platform.twitter.com\/widgets.js\"><\/script><\/div><div class=simplesocial><iframe src=\"http:\/\/www.facebook.com\/plugins\/like.php?href=https%3A%2F%2Fwww.djxalinho.com.br%2Fsite%2F&layout=standard&show_faces=false&width=450&action=like&colorscheme=light&height=35\" scrolling=\"no\" frameborder=\"0\" style=\"border:none; overflow:hidden; width:450px; height:25px;\" allowTransparency=\"true\"><\/iframe><\/div><div style=\"clear:both\"><\/div><a class=simplesocial onclick=\"return simplesocial(this,500,400)\" title=\"Share on Facebook\" style=\"background:url(https:\/\/www.djxalinho.com.br\/site\/wp-content\/plugins\/simple-social-sharing-widgets-icons\/icons_16\/facebook.png)\" href=\"http:\/\/www.facebook.com\/share.php?u=https%3A%2F%2Fwww.djxalinho.com.br%2Fsite%2F&t=Home\"><\/a><a class=simplesocial onclick=\"return simplesocial(this,812,500)\" title=\"Share on Technorati\" style=\"background:url(https:\/\/www.djxalinho.com.br\/site\/wp-content\/plugins\/simple-social-sharing-widgets-icons\/icons_16\/technorati.png)\" href=\"http:\/\/technorati.com\/faves?sub=favthis&add=https%3A%2F%2Fwww.djxalinho.com.br%2Fsite%2F\"><\/a><\/div><div style=\"clear:both;margin-bottom:20px\"><\/div>","protected":false},"excerpt":{"rendered":"<p>https:\/\/youtu.be\/H-a3zZe7p_E?si=DMNykovL44OHJwkW Imagine voc\u00ea chegando no seu evento agora! Euforia, orgulho e satisfa\u00e7\u00e3o enchem o seu esp\u00edrito quando j\u00e1 na entrada v\u00ea a luz ambiente te conduzindo ao interior de sua comemora\u00e7\u00e3o e l\u00e1 dentro tudo est\u00e1 como voc\u00ea sempre imaginou. O cen\u00e1rio perfeito, os destaques saltando aos olhos, a trilha&#8230;<\/p>\n","protected":false},"author":1,"featured_media":0,"parent":0,"menu_order":0,"comment_status":"closed","ping_status":"closed","template":"","meta":{"jetpack_post_was_ever_published":false,"footnotes":""},"class_list":["post-2","page","type-page","status-publish","hentry"],"jetpack_sharing_enabled":true,"jetpack_shortlink":"https:\/\/wp.me\/P8nNVI-2","_links":{"self":[{"href":"https:\/\/www.djxalinho.com.br\/site\/wp-json\/wp\/v2\/pages\/2","targetHints":{"allow":["GET"]}}],"collection":[{"href":"https:\/\/www.djxalinho.com.br\/site\/wp-json\/wp\/v2\/pages"}],"about":[{"href":"https:\/\/www.djxalinho.com.br\/site\/wp-json\/wp\/v2\/types\/page"}],"author":[{"embeddable":true,"href":"https:\/\/www.djxalinho.com.br\/site\/wp-json\/wp\/v2\/users\/1"}],"replies":[{"embeddable":true,"href":"https:\/\/www.djxalinho.com.br\/site\/wp-json\/wp\/v2\/comments?post=2"}],"version-history":[{"count":29,"href":"https:\/\/www.djxalinho.com.br\/site\/wp-json\/wp\/v2\/pages\/2\/revisions"}],"predecessor-version":[{"id":9414,"href":"https:\/\/www.djxalinho.com.br\/site\/wp-json\/wp\/v2\/pages\/2\/revisions\/9414"}],"wp:attachment":[{"href":"https:\/\/www.djxalinho.com.br\/site\/wp-json\/wp\/v2\/media?parent=2"}],"curies":[{"name":"wp","href":"https:\/\/api.w.org\/{rel}","templated":true}]}}